{"id":1937,"date":"2025-04-16T21:41:05","date_gmt":"2025-04-16T19:41:05","guid":{"rendered":"https:\/\/freibad-langenburg.de\/?post_type=product&#038;p=1937"},"modified":"2026-04-07T18:35:38","modified_gmt":"2026-04-07T16:35:38","slug":"familien-tageskarte","status":"publish","type":"product","link":"https:\/\/freibad-langenburg.de\/index.php\/produkt\/familien-tageskarte\/","title":{"rendered":"Familien-Tageskarte"},"content":{"rendered":"<p class=\"\" data-start=\"79\" data-end=\"200\"><strong data-start=\"79\" data-end=\"94\">G\u00fcltig f\u00fcr:<\/strong><br data-start=\"94\" data-end=\"97\" \/>\u2714 bis zu 2 Elternteilen<br data-start=\"117\" data-end=\"120\" \/>\u2714 Alle eigenen Kinder von 3 bis 16 Jahren (Stichtag: 1. Mai)<\/p>\n<p class=\"\" data-start=\"202\" data-end=\"281\">\ud83d\udc76 <strong data-start=\"205\" data-end=\"279\">Kinder unter 3 Jahren haben freien Eintritt und ben\u00f6tigen keine Karte.<\/strong><\/p>\n<p class=\"\" data-start=\"283\" data-end=\"477\"><strong data-start=\"283\" data-end=\"301\">Ihre Vorteile:<\/strong><br data-start=\"357\" data-end=\"360\" \/>\u2714 Direkter Zugang \u2013 kein Anstehen an der Kasse<br data-start=\"410\" data-end=\"413\" \/>\u2714 Perfekt f\u00fcr unvergessliche Sommermomente mit der Familie<\/p>\n<p data-start=\"479\" data-end=\"623\">Bitte beachte, dass es in der Saison 2026 kapazit\u00e4tsbedingt zu k\u00fcrzeren \u00d6ffnungszeiten kommen kann. Genaueres findest du <a href=\"https:\/\/freibad-langenburg.de\/index.php\/schwimmbad\/oeffnungszeiten\/\">hier.<\/a><\/p>\n","protected":false},"excerpt":{"rendered":"<p>G\u00fcltig f\u00fcr:\u2714 bis zu 2 Elternteilen\u2714 Alle eigenen Kinder von 3 bis 16 Jahren (Stichtag: 1. Mai) \ud83d\udc76 Kinder unter 3 Jahren haben freien Eintritt und ben\u00f6tigen keine Karte. Ihre&hellip;&nbsp;<a href=\"https:\/\/freibad-langenburg.de\/index.php\/produkt\/familien-tageskarte\/\" rel=\"bookmark\">Weiterlesen &raquo;<span class=\"screen-reader-text\">Familien-Tageskarte<\/span><\/a><\/p>\n","protected":false},"featured_media":1399,"template":"","meta":{"neve_meta_sidebar":"","neve_meta_container":"","neve_meta_enable_content_width":"off","neve_meta_content_width":100,"neve_meta_title_alignment":"","neve_meta_author_avatar":"","neve_post_elements_order":"","neve_meta_disable_header":"","neve_meta_disable_footer":"","neve_meta_disable_title":"","_price":"15","_stock":null,"_tribe_ticket_header":"","_tribe_default_ticket_provider":"","_tribe_ticket_capacity":"16","_ticket_start_date":"","_ticket_end_date":"","_tribe_ticket_show_description":"","_tribe_ticket_show_not_going":false,"_tribe_ticket_use_global_stock":"","_tribe_ticket_global_stock_level":"","_global_stock_mode":"","_global_stock_cap":"","_tribe_rsvp_for_event":"","_tribe_ticket_going_count":"","_tribe_ticket_not_going_count":"","_tribe_tickets_list":"[]","_tribe_ticket_has_attendee_info_fields":false},"product_brand":[],"product_cat":[81],"product_tag":[],"class_list":{"0":"post-1937","1":"product","2":"type-product","3":"status-publish","4":"has-post-thumbnail","6":"product_cat-tageskarten","8":"first","9":"instock","10":"downloadable","11":"virtual","12":"taxable","13":"purchasable","14":"product-type-composite"},"yoast_head":"<!-- This site is optimized with the Yoast SEO plugin v27.5 - https:\/\/yoast.com\/product\/yoast-seo-wordpress\/ -->\n<title>Familien-Tageskarte - Freibad Langenburg<\/title>\n<meta name=\"robots\" content=\"noindex, follow\" \/>\n<meta property=\"og:locale\" content=\"de_DE\" \/>\n<meta property=\"og:type\" content=\"article\" \/>\n<meta property=\"og:title\" content=\"Familien-Tageskarte - Freibad Langenburg\" \/>\n<meta property=\"og:description\" content=\"G\u00fcltig f\u00fcr:\u2714 bis zu 2 Elternteilen\u2714 Alle eigenen Kinder von 3 bis 16 Jahren (Stichtag: 1. Mai) \ud83d\udc76 Kinder unter 3 Jahren haben freien Eintritt und ben\u00f6tigen keine Karte. Ihre&hellip;&nbsp;Weiterlesen &raquo;Familien-Tageskarte\" \/>\n<meta property=\"og:url\" content=\"https:\/\/freibad-langenburg.de\/index.php\/produkt\/familien-tageskarte\/\" \/>\n<meta property=\"og:site_name\" content=\"Freibad Langenburg\" \/>\n<meta property=\"article:modified_time\" content=\"2026-04-07T16:35:38+00:00\" \/>\n<meta property=\"og:image\" content=\"https:\/\/freibad-langenburg.de\/wp-content\/uploads\/2025\/03\/Einzelkarte_gross-e1743352567480-1.png\" \/>\n\t<meta property=\"og:image:width\" content=\"800\" \/>\n\t<meta property=\"og:image:height\" content=\"800\" \/>\n\t<meta property=\"og:image:type\" content=\"image\/png\" \/>\n<meta name=\"twitter:card\" content=\"summary_large_image\" \/>\n<meta name=\"twitter:label1\" content=\"Gesch\u00e4tzte Lesezeit\" \/>\n\t<meta name=\"twitter:data1\" content=\"1\u00a0Minute\" \/>\n<script type=\"application\/ld+json\" class=\"yoast-schema-graph\">{\"@context\":\"https:\\\/\\\/schema.org\",\"@graph\":[{\"@type\":\"WebPage\",\"@id\":\"https:\\\/\\\/freibad-langenburg.de\\\/index.php\\\/produkt\\\/familien-tageskarte\\\/\",\"url\":\"https:\\\/\\\/freibad-langenburg.de\\\/index.php\\\/produkt\\\/familien-tageskarte\\\/\",\"name\":\"Familien-Tageskarte - Freibad Langenburg\",\"isPartOf\":{\"@id\":\"https:\\\/\\\/freibad-langenburg.de\\\/#website\"},\"primaryImageOfPage\":{\"@id\":\"https:\\\/\\\/freibad-langenburg.de\\\/index.php\\\/produkt\\\/familien-tageskarte\\\/#primaryimage\"},\"image\":{\"@id\":\"https:\\\/\\\/freibad-langenburg.de\\\/index.php\\\/produkt\\\/familien-tageskarte\\\/#primaryimage\"},\"thumbnailUrl\":\"https:\\\/\\\/freibad-langenburg.de\\\/wp-content\\\/uploads\\\/2025\\\/03\\\/Einzelkarte_gross-e1743352567480-1.png\",\"datePublished\":\"2025-04-16T19:41:05+00:00\",\"dateModified\":\"2026-04-07T16:35:38+00:00\",\"breadcrumb\":{\"@id\":\"https:\\\/\\\/freibad-langenburg.de\\\/index.php\\\/produkt\\\/familien-tageskarte\\\/#breadcrumb\"},\"inLanguage\":\"de\",\"potentialAction\":[{\"@type\":\"ReadAction\",\"target\":[\"https:\\\/\\\/freibad-langenburg.de\\\/index.php\\\/produkt\\\/familien-tageskarte\\\/\"]}]},{\"@type\":\"ImageObject\",\"inLanguage\":\"de\",\"@id\":\"https:\\\/\\\/freibad-langenburg.de\\\/index.php\\\/produkt\\\/familien-tageskarte\\\/#primaryimage\",\"url\":\"https:\\\/\\\/freibad-langenburg.de\\\/wp-content\\\/uploads\\\/2025\\\/03\\\/Einzelkarte_gross-e1743352567480-1.png\",\"contentUrl\":\"https:\\\/\\\/freibad-langenburg.de\\\/wp-content\\\/uploads\\\/2025\\\/03\\\/Einzelkarte_gross-e1743352567480-1.png\",\"width\":800,\"height\":800,\"caption\":\"Tageskarte Erwachsene Saison 2026 \u2013 Ticket online buchen\"},{\"@type\":\"BreadcrumbList\",\"@id\":\"https:\\\/\\\/freibad-langenburg.de\\\/index.php\\\/produkt\\\/familien-tageskarte\\\/#breadcrumb\",\"itemListElement\":[{\"@type\":\"ListItem\",\"position\":1,\"name\":\"Startseite\",\"item\":\"https:\\\/\\\/freibad-langenburg.de\\\/\"},{\"@type\":\"ListItem\",\"position\":2,\"name\":\"Ticket-Shop\",\"item\":\"https:\\\/\\\/freibad-langenburg.de\\\/index.php\\\/ticket-shop\\\/\"},{\"@type\":\"ListItem\",\"position\":3,\"name\":\"Familien-Tageskarte\"}]},{\"@type\":\"WebSite\",\"@id\":\"https:\\\/\\\/freibad-langenburg.de\\\/#website\",\"url\":\"https:\\\/\\\/freibad-langenburg.de\\\/\",\"name\":\"Freibad Langenburg \u2013 Ihr Schwimmbad in Hohenlohe\",\"description\":\"\",\"publisher\":{\"@id\":\"https:\\\/\\\/freibad-langenburg.de\\\/#organization\"},\"potentialAction\":[{\"@type\":\"SearchAction\",\"target\":{\"@type\":\"EntryPoint\",\"urlTemplate\":\"https:\\\/\\\/freibad-langenburg.de\\\/?s={search_term_string}\"},\"query-input\":{\"@type\":\"PropertyValueSpecification\",\"valueRequired\":true,\"valueName\":\"search_term_string\"}}],\"inLanguage\":\"de\"},{\"@type\":\"Organization\",\"@id\":\"https:\\\/\\\/freibad-langenburg.de\\\/#organization\",\"name\":\"Verein der Freibadfreunde Langenburg e.V.\",\"url\":\"https:\\\/\\\/freibad-langenburg.de\\\/\",\"logo\":{\"@type\":\"ImageObject\",\"inLanguage\":\"de\",\"@id\":\"https:\\\/\\\/freibad-langenburg.de\\\/#\\\/schema\\\/logo\\\/image\\\/\",\"url\":\"https:\\\/\\\/freibad-langenburg.de\\\/wp-content\\\/uploads\\\/2024\\\/12\\\/Langenburger-Freibadfreunde-e.V_in-farbe_1.png\",\"contentUrl\":\"https:\\\/\\\/freibad-langenburg.de\\\/wp-content\\\/uploads\\\/2024\\\/12\\\/Langenburger-Freibadfreunde-e.V_in-farbe_1.png\",\"width\":559,\"height\":177,\"caption\":\"Verein der Freibadfreunde Langenburg e.V.\"},\"image\":{\"@id\":\"https:\\\/\\\/freibad-langenburg.de\\\/#\\\/schema\\\/logo\\\/image\\\/\"}}]}<\/script>\n<!-- \/ Yoast SEO plugin. -->","yoast_head_json":{"title":"Familien-Tageskarte - Freibad Langenburg","robots":{"index":"noindex","follow":"follow"},"og_locale":"de_DE","og_type":"article","og_title":"Familien-Tageskarte - Freibad Langenburg","og_description":"G\u00fcltig f\u00fcr:\u2714 bis zu 2 Elternteilen\u2714 Alle eigenen Kinder von 3 bis 16 Jahren (Stichtag: 1. Mai) \ud83d\udc76 Kinder unter 3 Jahren haben freien Eintritt und ben\u00f6tigen keine Karte. Ihre&hellip;&nbsp;Weiterlesen &raquo;Familien-Tageskarte","og_url":"https:\/\/freibad-langenburg.de\/index.php\/produkt\/familien-tageskarte\/","og_site_name":"Freibad Langenburg","article_modified_time":"2026-04-07T16:35:38+00:00","og_image":[{"width":800,"height":800,"url":"https:\/\/freibad-langenburg.de\/wp-content\/uploads\/2025\/03\/Einzelkarte_gross-e1743352567480-1.png","type":"image\/png"}],"twitter_card":"summary_large_image","twitter_misc":{"Gesch\u00e4tzte Lesezeit":"1\u00a0Minute"},"schema":{"@context":"https:\/\/schema.org","@graph":[{"@type":"WebPage","@id":"https:\/\/freibad-langenburg.de\/index.php\/produkt\/familien-tageskarte\/","url":"https:\/\/freibad-langenburg.de\/index.php\/produkt\/familien-tageskarte\/","name":"Familien-Tageskarte - Freibad Langenburg","isPartOf":{"@id":"https:\/\/freibad-langenburg.de\/#website"},"primaryImageOfPage":{"@id":"https:\/\/freibad-langenburg.de\/index.php\/produkt\/familien-tageskarte\/#primaryimage"},"image":{"@id":"https:\/\/freibad-langenburg.de\/index.php\/produkt\/familien-tageskarte\/#primaryimage"},"thumbnailUrl":"https:\/\/freibad-langenburg.de\/wp-content\/uploads\/2025\/03\/Einzelkarte_gross-e1743352567480-1.png","datePublished":"2025-04-16T19:41:05+00:00","dateModified":"2026-04-07T16:35:38+00:00","breadcrumb":{"@id":"https:\/\/freibad-langenburg.de\/index.php\/produkt\/familien-tageskarte\/#breadcrumb"},"inLanguage":"de","potentialAction":[{"@type":"ReadAction","target":["https:\/\/freibad-langenburg.de\/index.php\/produkt\/familien-tageskarte\/"]}]},{"@type":"ImageObject","inLanguage":"de","@id":"https:\/\/freibad-langenburg.de\/index.php\/produkt\/familien-tageskarte\/#primaryimage","url":"https:\/\/freibad-langenburg.de\/wp-content\/uploads\/2025\/03\/Einzelkarte_gross-e1743352567480-1.png","contentUrl":"https:\/\/freibad-langenburg.de\/wp-content\/uploads\/2025\/03\/Einzelkarte_gross-e1743352567480-1.png","width":800,"height":800,"caption":"Tageskarte Erwachsene Saison 2026 \u2013 Ticket online buchen"},{"@type":"BreadcrumbList","@id":"https:\/\/freibad-langenburg.de\/index.php\/produkt\/familien-tageskarte\/#breadcrumb","itemListElement":[{"@type":"ListItem","position":1,"name":"Startseite","item":"https:\/\/freibad-langenburg.de\/"},{"@type":"ListItem","position":2,"name":"Ticket-Shop","item":"https:\/\/freibad-langenburg.de\/index.php\/ticket-shop\/"},{"@type":"ListItem","position":3,"name":"Familien-Tageskarte"}]},{"@type":"WebSite","@id":"https:\/\/freibad-langenburg.de\/#website","url":"https:\/\/freibad-langenburg.de\/","name":"Freibad Langenburg \u2013 Ihr Schwimmbad in Hohenlohe","description":"","publisher":{"@id":"https:\/\/freibad-langenburg.de\/#organization"},"potentialAction":[{"@type":"SearchAction","target":{"@type":"EntryPoint","urlTemplate":"https:\/\/freibad-langenburg.de\/?s={search_term_string}"},"query-input":{"@type":"PropertyValueSpecification","valueRequired":true,"valueName":"search_term_string"}}],"inLanguage":"de"},{"@type":"Organization","@id":"https:\/\/freibad-langenburg.de\/#organization","name":"Verein der Freibadfreunde Langenburg e.V.","url":"https:\/\/freibad-langenburg.de\/","logo":{"@type":"ImageObject","inLanguage":"de","@id":"https:\/\/freibad-langenburg.de\/#\/schema\/logo\/image\/","url":"https:\/\/freibad-langenburg.de\/wp-content\/uploads\/2024\/12\/Langenburger-Freibadfreunde-e.V_in-farbe_1.png","contentUrl":"https:\/\/freibad-langenburg.de\/wp-content\/uploads\/2024\/12\/Langenburger-Freibadfreunde-e.V_in-farbe_1.png","width":559,"height":177,"caption":"Verein der Freibadfreunde Langenburg e.V."},"image":{"@id":"https:\/\/freibad-langenburg.de\/#\/schema\/logo\/image\/"}}]}},"_links":{"self":[{"href":"https:\/\/freibad-langenburg.de\/index.php\/wp-json\/wp\/v2\/product\/1937","targetHints":{"allow":["GET"]}}],"collection":[{"href":"https:\/\/freibad-langenburg.de\/index.php\/wp-json\/wp\/v2\/product"}],"about":[{"href":"https:\/\/freibad-langenburg.de\/index.php\/wp-json\/wp\/v2\/types\/product"}],"wp:featuredmedia":[{"embeddable":true,"href":"https:\/\/freibad-langenburg.de\/index.php\/wp-json\/wp\/v2\/media\/1399"}],"wp:attachment":[{"href":"https:\/\/freibad-langenburg.de\/index.php\/wp-json\/wp\/v2\/media?parent=1937"}],"wp:term":[{"taxonomy":"product_brand","embeddable":true,"href":"https:\/\/freibad-langenburg.de\/index.php\/wp-json\/wp\/v2\/product_brand?post=1937"},{"taxonomy":"product_cat","embeddable":true,"href":"https:\/\/freibad-langenburg.de\/index.php\/wp-json\/wp\/v2\/product_cat?post=1937"},{"taxonomy":"product_tag","embeddable":true,"href":"https:\/\/freibad-langenburg.de\/index.php\/wp-json\/wp\/v2\/product_tag?post=1937"}],"curies":[{"name":"wp","href":"https:\/\/api.w.org\/{rel}","templated":true}]}}