{"id":19,"date":"2024-11-09T23:14:05","date_gmt":"2024-11-09T22:14:05","guid":{"rendered":"http:\/\/localhost\/?page_id=19"},"modified":"2025-05-17T19:28:37","modified_gmt":"2025-05-17T17:28:37","slug":"anfahrt","status":"publish","type":"page","link":"https:\/\/freibad-langenburg.de\/index.php\/schwimmbad\/anfahrt\/","title":{"rendered":"Anfahrt"},"content":{"rendered":"\t\t<div data-elementor-type=\"wp-page\" data-elementor-id=\"19\" class=\"elementor elementor-19\">\n\t\t\t\t<div class=\"elementor-element elementor-element-677a804b e-flex e-con-boxed e-con e-parent\" data-id=\"677a804b\" data-element_type=\"container\" data-e-type=\"container\">\n\t\t\t\t\t<div class=\"e-con-inner\">\n\t\t\t\t<div class=\"elementor-element elementor-element-0d78c49 elementor-widget elementor-widget-google_maps\" data-id=\"0d78c49\" data-element_type=\"widget\" data-e-type=\"widget\" data-widget_type=\"google_maps.default\">\n\t\t\t\t\t\t\t<div class=\"elementor-custom-embed\">\n\t\t\t<iframe loading=\"lazy\"\n\t\t\t\t\tsrc=\"https:\/\/maps.google.com\/maps?q=In%20der%20Strut%205%2C%2074595%20Langenburg&#038;t=m&#038;z=16&#038;output=embed&#038;iwloc=near\"\n\t\t\t\t\ttitle=\"In der Strut 5, 74595 Langenburg\"\n\t\t\t\t\taria-label=\"In der Strut 5, 74595 Langenburg\"\n\t\t\t><\/iframe>\n\t\t<\/div>\n\t\t\t\t\t\t<\/div>\n\t\t\t\t<div class=\"elementor-element elementor-element-2893d26d elementor-widget elementor-widget-text-editor\" data-id=\"2893d26d\" data-element_type=\"widget\" data-e-type=\"widget\" data-widget_type=\"text-editor.default\">\n\t\t\t\t\t\t\t\t\t\n<p><strong>Freibad Langenburg<br \/><\/strong>In der Strut 5<br \/>74595 Langenburg<br \/>Telefon:<br \/>E-Mail: info@freibad-langenburg.de<\/p>\n\n<h2 class=\"wp-block-heading\">Parkm\u00f6glichkeiten<\/h2>\n\n<p>Direkt am Freibad stehen kostenlose Parkpl\u00e4tze zur Verf\u00fcgung.<\/p>\n\t\t\t\t\t\t\t\t<\/div>\n\t\t\t\t\t<\/div>\n\t\t\t\t<\/div>\n\t\t\t\t<\/div>\n\t\t","protected":false},"excerpt":{"rendered":"<p>Freibad LangenburgIn der Strut 574595 LangenburgTelefon:E-Mail: info@freibad-langenburg.de Parkm\u00f6glichkeiten Direkt am Freibad stehen kostenlose Parkpl\u00e4tze zur Verf\u00fcgung.<\/p>\n","protected":false},"author":1,"featured_media":0,"parent":1736,"menu_order":1,"comment_status":"closed","ping_status":"closed","template":"","meta":{"neve_meta_sidebar":"","neve_meta_container":"","neve_meta_enable_content_width":"","neve_meta_content_width":0,"neve_meta_title_alignment":"","neve_meta_author_avatar":"","neve_post_elements_order":"","neve_meta_disable_header":"","neve_meta_disable_footer":"","neve_meta_disable_title":"","_price":"","_stock":"","_tribe_ticket_header":"","_tribe_default_ticket_provider":"","_tribe_ticket_capacity":"0","_ticket_start_date":"","_ticket_end_date":"","_tribe_ticket_show_description":"","_tribe_ticket_show_not_going":false,"_tribe_ticket_use_global_stock":"","_tribe_ticket_global_stock_level":"","_global_stock_mode":"","_global_stock_cap":"","_tribe_rsvp_for_event":"","_tribe_ticket_going_count":"","_tribe_ticket_not_going_count":"","_tribe_tickets_list":"[]","_tribe_ticket_has_attendee_info_fields":false,"footnotes":"","_tec_slr_enabled":"","_tec_slr_layout":""},"class_list":["post-19","page","type-page","status-publish","hentry"],"yoast_head":"<!-- This site is optimized with the Yoast SEO plugin v27.5 - https:\/\/yoast.com\/product\/yoast-seo-wordpress\/ -->\n<title>Anfahrt - Freibad Langenburg<\/title>\n<meta name=\"robots\" content=\"index, follow, max-snippet:-1, max-image-preview:large, max-video-preview:-1\" \/>\n<link rel=\"canonical\" href=\"https:\/\/freibad-langenburg.de\/index.php\/schwimmbad\/anfahrt\/\" \/>\n<meta property=\"og:locale\" content=\"de_DE\" \/>\n<meta property=\"og:type\" content=\"article\" \/>\n<meta property=\"og:title\" content=\"Anfahrt - Freibad Langenburg\" \/>\n<meta property=\"og:description\" content=\"Freibad LangenburgIn der Strut 574595 LangenburgTelefon:E-Mail: info@freibad-langenburg.de Parkm\u00f6glichkeiten Direkt am Freibad stehen kostenlose Parkpl\u00e4tze zur Verf\u00fcgung.\" \/>\n<meta property=\"og:url\" content=\"https:\/\/freibad-langenburg.de\/index.php\/schwimmbad\/anfahrt\/\" \/>\n<meta property=\"og:site_name\" content=\"Freibad Langenburg\" \/>\n<meta property=\"article:modified_time\" content=\"2025-05-17T17:28:37+00:00\" \/>\n<meta name=\"twitter:card\" content=\"summary_large_image\" \/>\n<meta name=\"twitter:label1\" content=\"Gesch\u00e4tzte Lesezeit\" \/>\n\t<meta name=\"twitter:data1\" content=\"1\u00a0Minute\" \/>\n<script type=\"application\/ld+json\" class=\"yoast-schema-graph\">{\"@context\":\"https:\\\/\\\/schema.org\",\"@graph\":[{\"@type\":\"WebPage\",\"@id\":\"https:\\\/\\\/freibad-langenburg.de\\\/index.php\\\/schwimmbad\\\/anfahrt\\\/\",\"url\":\"https:\\\/\\\/freibad-langenburg.de\\\/index.php\\\/schwimmbad\\\/anfahrt\\\/\",\"name\":\"Anfahrt - Freibad Langenburg\",\"isPartOf\":{\"@id\":\"https:\\\/\\\/freibad-langenburg.de\\\/#website\"},\"datePublished\":\"2024-11-09T22:14:05+00:00\",\"dateModified\":\"2025-05-17T17:28:37+00:00\",\"breadcrumb\":{\"@id\":\"https:\\\/\\\/freibad-langenburg.de\\\/index.php\\\/schwimmbad\\\/anfahrt\\\/#breadcrumb\"},\"inLanguage\":\"de\",\"potentialAction\":[{\"@type\":\"ReadAction\",\"target\":[\"https:\\\/\\\/freibad-langenburg.de\\\/index.php\\\/schwimmbad\\\/anfahrt\\\/\"]}]},{\"@type\":\"BreadcrumbList\",\"@id\":\"https:\\\/\\\/freibad-langenburg.de\\\/index.php\\\/schwimmbad\\\/anfahrt\\\/#breadcrumb\",\"itemListElement\":[{\"@type\":\"ListItem\",\"position\":1,\"name\":\"Startseite\",\"item\":\"https:\\\/\\\/freibad-langenburg.de\\\/\"},{\"@type\":\"ListItem\",\"position\":2,\"name\":\"Schwimmbad\",\"item\":\"https:\\\/\\\/freibad-langenburg.de\\\/index.php\\\/schwimmbad\\\/\"},{\"@type\":\"ListItem\",\"position\":3,\"name\":\"Anfahrt\"}]},{\"@type\":\"WebSite\",\"@id\":\"https:\\\/\\\/freibad-langenburg.de\\\/#website\",\"url\":\"https:\\\/\\\/freibad-langenburg.de\\\/\",\"name\":\"Freibad Langenburg \u2013 Ihr Schwimmbad in Hohenlohe\",\"description\":\"\",\"publisher\":{\"@id\":\"https:\\\/\\\/freibad-langenburg.de\\\/#organization\"},\"potentialAction\":[{\"@type\":\"SearchAction\",\"target\":{\"@type\":\"EntryPoint\",\"urlTemplate\":\"https:\\\/\\\/freibad-langenburg.de\\\/?s={search_term_string}\"},\"query-input\":{\"@type\":\"PropertyValueSpecification\",\"valueRequired\":true,\"valueName\":\"search_term_string\"}}],\"inLanguage\":\"de\"},{\"@type\":\"Organization\",\"@id\":\"https:\\\/\\\/freibad-langenburg.de\\\/#organization\",\"name\":\"Verein der Freibadfreunde Langenburg e.V.\",\"url\":\"https:\\\/\\\/freibad-langenburg.de\\\/\",\"logo\":{\"@type\":\"ImageObject\",\"inLanguage\":\"de\",\"@id\":\"https:\\\/\\\/freibad-langenburg.de\\\/#\\\/schema\\\/logo\\\/image\\\/\",\"url\":\"https:\\\/\\\/freibad-langenburg.de\\\/wp-content\\\/uploads\\\/2024\\\/12\\\/Langenburger-Freibadfreunde-e.V_in-farbe_1.png\",\"contentUrl\":\"https:\\\/\\\/freibad-langenburg.de\\\/wp-content\\\/uploads\\\/2024\\\/12\\\/Langenburger-Freibadfreunde-e.V_in-farbe_1.png\",\"width\":559,\"height\":177,\"caption\":\"Verein der Freibadfreunde Langenburg e.V.\"},\"image\":{\"@id\":\"https:\\\/\\\/freibad-langenburg.de\\\/#\\\/schema\\\/logo\\\/image\\\/\"}}]}<\/script>\n<!-- \/ Yoast SEO plugin. -->","yoast_head_json":{"title":"Anfahrt - Freibad Langenburg","robots":{"index":"index","follow":"follow","max-snippet":"max-snippet:-1","max-image-preview":"max-image-preview:large","max-video-preview":"max-video-preview:-1"},"canonical":"https:\/\/freibad-langenburg.de\/index.php\/schwimmbad\/anfahrt\/","og_locale":"de_DE","og_type":"article","og_title":"Anfahrt - Freibad Langenburg","og_description":"Freibad LangenburgIn der Strut 574595 LangenburgTelefon:E-Mail: info@freibad-langenburg.de Parkm\u00f6glichkeiten Direkt am Freibad stehen kostenlose Parkpl\u00e4tze zur Verf\u00fcgung.","og_url":"https:\/\/freibad-langenburg.de\/index.php\/schwimmbad\/anfahrt\/","og_site_name":"Freibad Langenburg","article_modified_time":"2025-05-17T17:28:37+00:00","twitter_card":"summary_large_image","twitter_misc":{"Gesch\u00e4tzte Lesezeit":"1\u00a0Minute"},"schema":{"@context":"https:\/\/schema.org","@graph":[{"@type":"WebPage","@id":"https:\/\/freibad-langenburg.de\/index.php\/schwimmbad\/anfahrt\/","url":"https:\/\/freibad-langenburg.de\/index.php\/schwimmbad\/anfahrt\/","name":"Anfahrt - Freibad Langenburg","isPartOf":{"@id":"https:\/\/freibad-langenburg.de\/#website"},"datePublished":"2024-11-09T22:14:05+00:00","dateModified":"2025-05-17T17:28:37+00:00","breadcrumb":{"@id":"https:\/\/freibad-langenburg.de\/index.php\/schwimmbad\/anfahrt\/#breadcrumb"},"inLanguage":"de","potentialAction":[{"@type":"ReadAction","target":["https:\/\/freibad-langenburg.de\/index.php\/schwimmbad\/anfahrt\/"]}]},{"@type":"BreadcrumbList","@id":"https:\/\/freibad-langenburg.de\/index.php\/schwimmbad\/anfahrt\/#breadcrumb","itemListElement":[{"@type":"ListItem","position":1,"name":"Startseite","item":"https:\/\/freibad-langenburg.de\/"},{"@type":"ListItem","position":2,"name":"Schwimmbad","item":"https:\/\/freibad-langenburg.de\/index.php\/schwimmbad\/"},{"@type":"ListItem","position":3,"name":"Anfahrt"}]},{"@type":"WebSite","@id":"https:\/\/freibad-langenburg.de\/#website","url":"https:\/\/freibad-langenburg.de\/","name":"Freibad Langenburg \u2013 Ihr Schwimmbad in Hohenlohe","description":"","publisher":{"@id":"https:\/\/freibad-langenburg.de\/#organization"},"potentialAction":[{"@type":"SearchAction","target":{"@type":"EntryPoint","urlTemplate":"https:\/\/freibad-langenburg.de\/?s={search_term_string}"},"query-input":{"@type":"PropertyValueSpecification","valueRequired":true,"valueName":"search_term_string"}}],"inLanguage":"de"},{"@type":"Organization","@id":"https:\/\/freibad-langenburg.de\/#organization","name":"Verein der Freibadfreunde Langenburg e.V.","url":"https:\/\/freibad-langenburg.de\/","logo":{"@type":"ImageObject","inLanguage":"de","@id":"https:\/\/freibad-langenburg.de\/#\/schema\/logo\/image\/","url":"https:\/\/freibad-langenburg.de\/wp-content\/uploads\/2024\/12\/Langenburger-Freibadfreunde-e.V_in-farbe_1.png","contentUrl":"https:\/\/freibad-langenburg.de\/wp-content\/uploads\/2024\/12\/Langenburger-Freibadfreunde-e.V_in-farbe_1.png","width":559,"height":177,"caption":"Verein der Freibadfreunde Langenburg e.V."},"image":{"@id":"https:\/\/freibad-langenburg.de\/#\/schema\/logo\/image\/"}}]}},"ticketed":false,"_links":{"self":[{"href":"https:\/\/freibad-langenburg.de\/index.php\/wp-json\/wp\/v2\/pages\/19","targetHints":{"allow":["GET"]}}],"collection":[{"href":"https:\/\/freibad-langenburg.de\/index.php\/wp-json\/wp\/v2\/pages"}],"about":[{"href":"https:\/\/freibad-langenburg.de\/index.php\/wp-json\/wp\/v2\/types\/page"}],"author":[{"embeddable":true,"href":"https:\/\/freibad-langenburg.de\/index.php\/wp-json\/wp\/v2\/users\/1"}],"replies":[{"embeddable":true,"href":"https:\/\/freibad-langenburg.de\/index.php\/wp-json\/wp\/v2\/comments?post=19"}],"version-history":[{"count":4,"href":"https:\/\/freibad-langenburg.de\/index.php\/wp-json\/wp\/v2\/pages\/19\/revisions"}],"predecessor-version":[{"id":2234,"href":"https:\/\/freibad-langenburg.de\/index.php\/wp-json\/wp\/v2\/pages\/19\/revisions\/2234"}],"up":[{"embeddable":true,"href":"https:\/\/freibad-langenburg.de\/index.php\/wp-json\/wp\/v2\/pages\/1736"}],"wp:attachment":[{"href":"https:\/\/freibad-langenburg.de\/index.php\/wp-json\/wp\/v2\/media?parent=19"}],"curies":[{"name":"wp","href":"https:\/\/api.w.org\/{rel}","templated":true}]}}